{"id":423,"date":"2024-08-01T17:39:14","date_gmt":"2024-08-01T20:39:14","guid":{"rendered":"http:\/\/localhost\/usefardas\/?page_id=423"},"modified":"2024-08-04T11:38:26","modified_gmt":"2024-08-04T14:38:26","slug":"silk-screen","status":"publish","type":"page","link":"https:\/\/www.usefardas.com.br\/home\/index.php\/silk-screen\/","title":{"rendered":"Silk Screen"},"content":{"rendered":"\t\t<div data-elementor-type=\"wp-page\" data-elementor-id=\"423\" class=\"elementor elementor-423\" data-elementor-post-type=\"page\">\n\t\t\t\t<div class=\"elementor-element elementor-element-241f98c e-flex e-con-boxed e-con e-parent\" data-id=\"241f98c\" data-element_type=\"container\" data-e-type=\"container\">\n\t\t\t\t\t<div class=\"e-con-inner\">\n\t\t\t\t<div class=\"elementor-element elementor-element-108a952 elementor-widget elementor-widget-spacer\" data-id=\"108a952\" data-element_type=\"widget\" data-e-type=\"widget\" data-widget_type=\"spacer.default\">\n\t\t\t\t<div class=\"elementor-widget-container\">\n\t\t\t\t\t\t\t<div class=\"elementor-spacer\">\n\t\t\t<div class=\"elementor-spacer-inner\"><\/div>\n\t\t<\/div>\n\t\t\t\t\t\t<\/div>\n\t\t\t\t<\/div>\n\t\t\t\t\t<\/div>\n\t\t\t\t<\/div>\n\t\t<div class=\"elementor-element elementor-element-d37c66c e-flex e-con-boxed e-con e-parent\" data-id=\"d37c66c\" data-element_type=\"container\" data-e-type=\"container\">\n\t\t\t\t\t<div class=\"e-con-inner\">\n\t\t\t\t<div class=\"elementor-element elementor-element-e89275c elementor-widget elementor-widget-heading\" data-id=\"e89275c\" data-element_type=\"widget\" data-e-type=\"widget\" data-widget_type=\"heading.default\">\n\t\t\t\t<div class=\"elementor-widget-container\">\n\t\t\t\t\t<h2 class=\"elementor-heading-title elementor-size-default\">Silk Screen<\/h2>\t\t\t\t<\/div>\n\t\t\t\t<\/div>\n\t\t\t\t\t<\/div>\n\t\t\t\t<\/div>\n\t\t<div class=\"elementor-element elementor-element-cf1b34e e-flex e-con-boxed e-con e-parent\" data-id=\"cf1b34e\" data-element_type=\"container\" data-e-type=\"container\">\n\t\t\t\t\t<div class=\"e-con-inner\">\n\t\t<div class=\"elementor-element elementor-element-632ea56 e-con-full e-flex e-con e-child\" data-id=\"632ea56\" data-element_type=\"container\" data-e-type=\"container\">\n\t\t\t\t<div class=\"elementor-element elementor-element-177a07b elementor-widget__width-initial elementor-widget elementor-widget-image\" data-id=\"177a07b\" data-element_type=\"widget\" data-e-type=\"widget\" data-widget_type=\"image.default\">\n\t\t\t\t<div class=\"elementor-widget-container\">\n\t\t\t\t\t\t\t\t\t\t\t\t\t\t\t<img fetchpriority=\"high\" decoding=\"async\" width=\"300\" height=\"430\" src=\"https:\/\/www.usefardas.com.br\/home\/wp-content\/uploads\/2024\/08\/silk.jpg\" class=\"attachment-1536x1536 size-1536x1536 wp-image-427\" alt=\"\" srcset=\"https:\/\/www.usefardas.com.br\/home\/wp-content\/uploads\/2024\/08\/silk.jpg 300w, https:\/\/www.usefardas.com.br\/home\/wp-content\/uploads\/2024\/08\/silk-209x300.jpg 209w\" sizes=\"(max-width: 300px) 100vw, 300px\" \/>\t\t\t\t\t\t\t\t\t\t\t\t\t\t\t<\/div>\n\t\t\t\t<\/div>\n\t\t\t\t<\/div>\n\t\t<div class=\"elementor-element elementor-element-2d21190 e-con-full e-flex e-con e-child\" data-id=\"2d21190\" data-element_type=\"container\" data-e-type=\"container\">\n\t\t\t\t<div class=\"elementor-element elementor-element-91fd12c elementor-widget elementor-widget-text-editor\" data-id=\"91fd12c\" data-element_type=\"widget\" data-e-type=\"widget\" data-widget_type=\"text-editor.default\">\n\t\t\t\t<div class=\"elementor-widget-container\">\n\t\t\t\t\t\t\t\t\t<p>O silk screen, tamb\u00e9m chamado de serigrafia, \u00e9 um processo de impress\u00e3o. Nessa t\u00e9cnica, que pode ser realizada por uma pessoa, de forma mec\u00e2nica, ou automaticamente, por m\u00e1quinas.<\/p><p>A tinta \u00e9 vazada, por meio da press\u00e3o de um rodo, ao longo de uma tela (feito de n\u00e1ilon ou seda), que \u00e9 esticada em um bastidor de madeira ou de a\u00e7o.<\/p><p>Atualmente, o silk screen \u00e9 o processo mais comum para se estampar camisetas, moletons, jeans e outras pe\u00e7as de roupas. Al\u00e9m de tecidos, ele pode ser usado para impress\u00e3o em diversos tipos de materiais, tais como pl\u00e1stico, borracha, papel, madeira, vidro e superf\u00edcie esf\u00e9rica, cil\u00edndrica, irregular, opaca ou brilhante. E n\u00e3o \u00e9 s\u00f3 isso: s\u00e3o muitas as espessuras e os tamanhos que podem servir de base para os variados tipos de tintas do silk screen.<\/p><p>O processo come\u00e7a no computador, com o trabalho do designer, que utiliza programas espec\u00edficos para criar uma estampa. Nessa etapa, ele define o desenho, as cores, os efeitos, o tamanho e a localiza\u00e7\u00e3o na pe\u00e7a.<\/p><p>A seguir, os fotolitos s\u00e3o impressos. Os fotolitos, tamb\u00e9m chamados de negativos ou vegetais, s\u00e3o filmes transparentes, utilizados como matriz para impress\u00e3o de materiais gr\u00e1ficos. Nesse momento, \u00e9 fundamental que a separa\u00e7\u00e3o de cores seja bem feita, pois isso ir\u00e1 influenciar na qualidade da estampa.<\/p><p>Agora, \u00e9 hora de gravar as matrizes, que s\u00e3o os quadros de metal ou madeira que possuem uma tela de n\u00e1ilon ou seda bem esticada, nos quais ser\u00e1 passada uma emuls\u00e3o fotossens\u00edvel. Quando em contato com uma fonte de luz UV, ela endurece onde n\u00e3o est\u00e1 o fotolito, o que gera a revela\u00e7\u00e3o da arte criada.<\/p><p>Para finalizar, \u00e9 preciso preparar o material onde ser\u00e1 estampada a arte, o que implica em verificar o encaixe perfeito da matriz, misturar as cores e preparar os rodos. A\u00ed, \u00e9 s\u00f3 utilizar a matriz e o rodo sobre a superf\u00edcie de uma camiseta, por exemplo, e pronto: o material est\u00e1 com a estampa que voc\u00ea criou!<\/p>\t\t\t\t\t\t\t\t<\/div>\n\t\t\t\t<\/div>\n\t\t\t\t<\/div>\n\t\t\t\t\t<\/div>\n\t\t\t\t<\/div>\n\t\t<div class=\"elementor-element elementor-element-ce58360 e-flex e-con-boxed e-con e-parent\" data-id=\"ce58360\" data-element_type=\"container\" data-e-type=\"container\">\n\t\t\t\t\t<div class=\"e-con-inner\">\n\t\t\t\t<div class=\"elementor-element elementor-element-1786720 elementor-widget elementor-widget-spacer\" data-id=\"1786720\" data-element_type=\"widget\" data-e-type=\"widget\" data-widget_type=\"spacer.default\">\n\t\t\t\t<div class=\"elementor-widget-container\">\n\t\t\t\t\t\t\t<div class=\"elementor-spacer\">\n\t\t\t<div class=\"elementor-spacer-inner\"><\/div>\n\t\t<\/div>\n\t\t\t\t\t\t<\/div>\n\t\t\t\t<\/div>\n\t\t\t\t\t<\/div>\n\t\t\t\t<\/div>\n\t\t\t\t<\/div>\n\t\t","protected":false},"excerpt":{"rendered":"<p>Silk Screen O silk screen, tamb\u00e9m chamado de serigrafia, \u00e9 um processo de impress\u00e3o. Nessa t\u00e9cnica, que pode ser realizada por uma pessoa, de forma mec\u00e2nica, ou automaticamente, por m\u00e1quinas. A tinta \u00e9 vazada, por meio da press\u00e3o de um rodo, ao longo de uma tela (feito de n\u00e1ilon ou seda), que \u00e9 esticada em [&hellip;]<\/p>\n","protected":false},"author":1,"featured_media":0,"parent":0,"menu_order":0,"comment_status":"closed","ping_status":"closed","template":"elementor_header_footer","meta":{"_joinchat":[],"footnotes":""},"class_list":["post-423","page","type-page","status-publish","hentry"],"_links":{"self":[{"href":"https:\/\/www.usefardas.com.br\/home\/index.php\/wp-json\/wp\/v2\/pages\/423","targetHints":{"allow":["GET"]}}],"collection":[{"href":"https:\/\/www.usefardas.com.br\/home\/index.php\/wp-json\/wp\/v2\/pages"}],"about":[{"href":"https:\/\/www.usefardas.com.br\/home\/index.php\/wp-json\/wp\/v2\/types\/page"}],"author":[{"embeddable":true,"href":"https:\/\/www.usefardas.com.br\/home\/index.php\/wp-json\/wp\/v2\/users\/1"}],"replies":[{"embeddable":true,"href":"https:\/\/www.usefardas.com.br\/home\/index.php\/wp-json\/wp\/v2\/comments?post=423"}],"version-history":[{"count":10,"href":"https:\/\/www.usefardas.com.br\/home\/index.php\/wp-json\/wp\/v2\/pages\/423\/revisions"}],"predecessor-version":[{"id":490,"href":"https:\/\/www.usefardas.com.br\/home\/index.php\/wp-json\/wp\/v2\/pages\/423\/revisions\/490"}],"wp:attachment":[{"href":"https:\/\/www.usefardas.com.br\/home\/index.php\/wp-json\/wp\/v2\/media?parent=423"}],"curies":[{"name":"wp","href":"https:\/\/api.w.org\/{rel}","templated":true}]}}