{"id":491,"date":"2024-08-04T11:48:39","date_gmt":"2024-08-04T14:48:39","guid":{"rendered":"http:\/\/localhost\/usefardas\/?page_id=491"},"modified":"2024-11-18T16:17:04","modified_gmt":"2024-11-18T19:17:04","slug":"historia","status":"publish","type":"page","link":"https:\/\/www.usefardas.com.br\/home\/index.php\/historia\/","title":{"rendered":"Hist\u00f3ria"},"content":{"rendered":"\t\t<div data-elementor-type=\"wp-page\" data-elementor-id=\"491\" class=\"elementor elementor-491\" data-elementor-post-type=\"page\">\n\t\t\t\t<div class=\"elementor-element elementor-element-ff0228d e-flex e-con-boxed e-con e-parent\" data-id=\"ff0228d\" data-element_type=\"container\" data-e-type=\"container\">\n\t\t\t\t\t<div class=\"e-con-inner\">\n\t\t\t\t<div class=\"elementor-element elementor-element-f5fed30 elementor-widget elementor-widget-spacer\" data-id=\"f5fed30\" data-element_type=\"widget\" data-e-type=\"widget\" data-widget_type=\"spacer.default\">\n\t\t\t\t<div class=\"elementor-widget-container\">\n\t\t\t\t\t\t\t<div class=\"elementor-spacer\">\n\t\t\t<div class=\"elementor-spacer-inner\"><\/div>\n\t\t<\/div>\n\t\t\t\t\t\t<\/div>\n\t\t\t\t<\/div>\n\t\t\t\t\t<\/div>\n\t\t\t\t<\/div>\n\t\t<div class=\"elementor-element elementor-element-8f75247 e-flex e-con-boxed e-con e-parent\" data-id=\"8f75247\" data-element_type=\"container\" data-e-type=\"container\">\n\t\t\t\t\t<div class=\"e-con-inner\">\n\t\t<div class=\"elementor-element elementor-element-c24d81e e-con-full e-flex e-con e-child\" data-id=\"c24d81e\" data-element_type=\"container\" data-e-type=\"container\">\n\t\t<div class=\"elementor-element elementor-element-01e4934 e-grid e-con-full e-con e-child\" data-id=\"01e4934\" data-element_type=\"container\" data-e-type=\"container\">\n\t\t\t\t<div class=\"elementor-element elementor-element-be4b3e5 elementor-widget elementor-widget-image\" data-id=\"be4b3e5\" data-element_type=\"widget\" data-e-type=\"widget\" data-widget_type=\"image.default\">\n\t\t\t\t<div class=\"elementor-widget-container\">\n\t\t\t\t\t\t\t\t\t\t\t\t\t\t\t<img fetchpriority=\"high\" decoding=\"async\" width=\"600\" height=\"400\" src=\"https:\/\/www.usefardas.com.br\/home\/wp-content\/uploads\/2024\/08\/bordado-03.jpg\" class=\"attachment-large size-large wp-image-454\" alt=\"\" srcset=\"https:\/\/www.usefardas.com.br\/home\/wp-content\/uploads\/2024\/08\/bordado-03.jpg 600w, https:\/\/www.usefardas.com.br\/home\/wp-content\/uploads\/2024\/08\/bordado-03-300x200.jpg 300w\" sizes=\"(max-width: 600px) 100vw, 600px\" \/>\t\t\t\t\t\t\t\t\t\t\t\t\t\t\t<\/div>\n\t\t\t\t<\/div>\n\t\t\t\t<div class=\"elementor-element elementor-element-eb8e228 elementor-widget elementor-widget-image\" data-id=\"eb8e228\" data-element_type=\"widget\" data-e-type=\"widget\" data-widget_type=\"image.default\">\n\t\t\t\t<div class=\"elementor-widget-container\">\n\t\t\t\t\t\t\t\t\t\t\t\t\t\t\t<img decoding=\"async\" width=\"1024\" height=\"768\" src=\"https:\/\/www.usefardas.com.br\/home\/wp-content\/uploads\/2024\/09\/a28fe313-cc86-4d7b-9a22-80d63d6efd42-1024x768.jpg\" class=\"attachment-large size-large wp-image-799\" alt=\"\" srcset=\"https:\/\/www.usefardas.com.br\/home\/wp-content\/uploads\/2024\/09\/a28fe313-cc86-4d7b-9a22-80d63d6efd42-1024x768.jpg 1024w, https:\/\/www.usefardas.com.br\/home\/wp-content\/uploads\/2024\/09\/a28fe313-cc86-4d7b-9a22-80d63d6efd42-300x225.jpg 300w, https:\/\/www.usefardas.com.br\/home\/wp-content\/uploads\/2024\/09\/a28fe313-cc86-4d7b-9a22-80d63d6efd42-768x576.jpg 768w, https:\/\/www.usefardas.com.br\/home\/wp-content\/uploads\/2024\/09\/a28fe313-cc86-4d7b-9a22-80d63d6efd42-1536x1152.jpg 1536w, https:\/\/www.usefardas.com.br\/home\/wp-content\/uploads\/2024\/09\/a28fe313-cc86-4d7b-9a22-80d63d6efd42-600x450.jpg 600w, https:\/\/www.usefardas.com.br\/home\/wp-content\/uploads\/2024\/09\/a28fe313-cc86-4d7b-9a22-80d63d6efd42.jpg 1600w\" sizes=\"(max-width: 1024px) 100vw, 1024px\" \/>\t\t\t\t\t\t\t\t\t\t\t\t\t\t\t<\/div>\n\t\t\t\t<\/div>\n\t\t\t\t<div class=\"elementor-element elementor-element-466754c elementor-widget elementor-widget-image\" data-id=\"466754c\" data-element_type=\"widget\" data-e-type=\"widget\" data-widget_type=\"image.default\">\n\t\t\t\t<div class=\"elementor-widget-container\">\n\t\t\t\t\t\t\t\t\t\t\t\t\t\t\t<img decoding=\"async\" width=\"600\" height=\"400\" src=\"https:\/\/www.usefardas.com.br\/home\/wp-content\/uploads\/2024\/08\/historia.jpg\" class=\"attachment-large size-large wp-image-525\" alt=\"\" srcset=\"https:\/\/www.usefardas.com.br\/home\/wp-content\/uploads\/2024\/08\/historia.jpg 600w, https:\/\/www.usefardas.com.br\/home\/wp-content\/uploads\/2024\/08\/historia-300x200.jpg 300w\" sizes=\"(max-width: 600px) 100vw, 600px\" \/>\t\t\t\t\t\t\t\t\t\t\t\t\t\t\t<\/div>\n\t\t\t\t<\/div>\n\t\t\t\t<div class=\"elementor-element elementor-element-49bb4fe elementor-widget elementor-widget-image\" data-id=\"49bb4fe\" data-element_type=\"widget\" data-e-type=\"widget\" data-widget_type=\"image.default\">\n\t\t\t\t<div class=\"elementor-widget-container\">\n\t\t\t\t\t\t\t\t\t\t\t\t\t\t\t<img loading=\"lazy\" decoding=\"async\" width=\"1024\" height=\"768\" src=\"https:\/\/www.usefardas.com.br\/home\/wp-content\/uploads\/2024\/09\/a5e54aa7-28d0-476f-a889-64dd4852e096-1024x768.jpg\" class=\"attachment-large size-large wp-image-805\" alt=\"\" srcset=\"https:\/\/www.usefardas.com.br\/home\/wp-content\/uploads\/2024\/09\/a5e54aa7-28d0-476f-a889-64dd4852e096-1024x768.jpg 1024w, https:\/\/www.usefardas.com.br\/home\/wp-content\/uploads\/2024\/09\/a5e54aa7-28d0-476f-a889-64dd4852e096-300x225.jpg 300w, https:\/\/www.usefardas.com.br\/home\/wp-content\/uploads\/2024\/09\/a5e54aa7-28d0-476f-a889-64dd4852e096-768x576.jpg 768w, https:\/\/www.usefardas.com.br\/home\/wp-content\/uploads\/2024\/09\/a5e54aa7-28d0-476f-a889-64dd4852e096-1536x1152.jpg 1536w, https:\/\/www.usefardas.com.br\/home\/wp-content\/uploads\/2024\/09\/a5e54aa7-28d0-476f-a889-64dd4852e096-600x450.jpg 600w, https:\/\/www.usefardas.com.br\/home\/wp-content\/uploads\/2024\/09\/a5e54aa7-28d0-476f-a889-64dd4852e096.jpg 1600w\" sizes=\"(max-width: 1024px) 100vw, 1024px\" \/>\t\t\t\t\t\t\t\t\t\t\t\t\t\t\t<\/div>\n\t\t\t\t<\/div>\n\t\t\t\t<div class=\"elementor-element elementor-element-d7a90a1 elementor-widget elementor-widget-image\" data-id=\"d7a90a1\" data-element_type=\"widget\" data-e-type=\"widget\" data-widget_type=\"image.default\">\n\t\t\t\t<div class=\"elementor-widget-container\">\n\t\t\t\t\t\t\t\t\t\t\t\t\t\t\t<img loading=\"lazy\" decoding=\"async\" width=\"600\" height=\"400\" src=\"https:\/\/www.usefardas.com.br\/home\/wp-content\/uploads\/2024\/08\/bordado-02.jpg\" class=\"attachment-large size-large wp-image-453\" alt=\"\" srcset=\"https:\/\/www.usefardas.com.br\/home\/wp-content\/uploads\/2024\/08\/bordado-02.jpg 600w, https:\/\/www.usefardas.com.br\/home\/wp-content\/uploads\/2024\/08\/bordado-02-300x200.jpg 300w\" sizes=\"(max-width: 600px) 100vw, 600px\" \/>\t\t\t\t\t\t\t\t\t\t\t\t\t\t\t<\/div>\n\t\t\t\t<\/div>\n\t\t\t\t<div class=\"elementor-element elementor-element-05787ac elementor-widget elementor-widget-image\" data-id=\"05787ac\" data-element_type=\"widget\" data-e-type=\"widget\" data-widget_type=\"image.default\">\n\t\t\t\t<div class=\"elementor-widget-container\">\n\t\t\t\t\t\t\t\t\t\t\t\t\t\t\t<img loading=\"lazy\" decoding=\"async\" width=\"600\" height=\"400\" src=\"https:\/\/www.usefardas.com.br\/home\/wp-content\/uploads\/2024\/08\/bordado-01.jpg\" class=\"attachment-large size-large wp-image-422\" alt=\"\" srcset=\"https:\/\/www.usefardas.com.br\/home\/wp-content\/uploads\/2024\/08\/bordado-01.jpg 600w, https:\/\/www.usefardas.com.br\/home\/wp-content\/uploads\/2024\/08\/bordado-01-300x200.jpg 300w\" sizes=\"(max-width: 600px) 100vw, 600px\" \/>\t\t\t\t\t\t\t\t\t\t\t\t\t\t\t<\/div>\n\t\t\t\t<\/div>\n\t\t\t\t<\/div>\n\t\t\t\t<\/div>\n\t\t<div class=\"elementor-element elementor-element-84fe879 e-con-full e-flex e-con e-child\" data-id=\"84fe879\" data-element_type=\"container\" data-e-type=\"container\">\n\t\t\t\t<div class=\"elementor-element elementor-element-0b5fba8 elementor-widget elementor-widget-heading\" data-id=\"0b5fba8\" data-element_type=\"widget\" data-e-type=\"widget\" data-widget_type=\"heading.default\">\n\t\t\t\t<div class=\"elementor-widget-container\">\n\t\t\t\t\t<h2 class=\"elementor-heading-title elementor-size-default\">Nossa Hist\u00f3ria<\/h2>\t\t\t\t<\/div>\n\t\t\t\t<\/div>\n\t\t\t\t<div class=\"elementor-element elementor-element-53e7958 elementor-widget elementor-widget-text-editor\" data-id=\"53e7958\" data-element_type=\"widget\" data-e-type=\"widget\" data-widget_type=\"text-editor.default\">\n\t\t\t\t<div class=\"elementor-widget-container\">\n\t\t\t\t\t\t\t\t\t<p>Com mais de 30 anos de tradi\u00e7\u00e3o no mercado, a USEFARDAS \u00e9 uma das principais empresas no ramo de confec\u00e7\u00e3o de uniformes profissionais no Estado do Maranh\u00e3o.<br \/>Sediada em S\u00e3o Lu\u00eds e com uma capacidade produtiva de 200.000 pe\u00e7as por ano, gerando cerca de 80 postos de trabalho.<br \/>Fabricamos uniformes personalizados em jeans, malhas, tecidos 100% algod\u00e3o, mistos ou sint\u00e9ticos e somos certificados para fabrica\u00e7\u00e3o de uniformes retardantes a chama e arco el\u00e9trico.<br \/>Damos consultoria sem custos adicionais, ajudando o cliente a escolher o melhor modelo, tecido e cores para que o uniforme tenha o melhor padr\u00e3o de conforto, beleza e qualidade.<br \/>Para atendermos melhor os nossos clientes, contamos tamb\u00e9m com uma vasta diversidade de modelos de uniformes dispon\u00edveis a pronta entrega.<br \/>Estamos em constante adapta\u00e7\u00e3o ao mercado, expandindo e renovando os maquin\u00e1rios, investindo em informatiza\u00e7\u00e3o e aperfei\u00e7oamento de m\u00e3o de obra qualificada.<br \/>Para garantir a qualidade do produto e manter a excel\u00eancia no atendimento, adotamos uma pol\u00edtica baseada em tradi\u00e7\u00e3o, comprometimento, agilidade e grande versatilidade.<\/p>\t\t\t\t\t\t\t\t<\/div>\n\t\t\t\t<\/div>\n\t\t\t\t<\/div>\n\t\t\t\t\t<\/div>\n\t\t\t\t<\/div>\n\t\t<div class=\"elementor-element elementor-element-f0dbd54 e-flex e-con-boxed e-con e-parent\" data-id=\"f0dbd54\" data-element_type=\"container\" data-e-type=\"container\">\n\t\t\t\t\t<div class=\"e-con-inner\">\n\t\t\t\t<div class=\"elementor-element elementor-element-ec6db79 elementor-widget elementor-widget-spacer\" data-id=\"ec6db79\" data-element_type=\"widget\" data-e-type=\"widget\" data-widget_type=\"spacer.default\">\n\t\t\t\t<div class=\"elementor-widget-container\">\n\t\t\t\t\t\t\t<div class=\"elementor-spacer\">\n\t\t\t<div class=\"elementor-spacer-inner\"><\/div>\n\t\t<\/div>\n\t\t\t\t\t\t<\/div>\n\t\t\t\t<\/div>\n\t\t\t\t\t<\/div>\n\t\t\t\t<\/div>\n\t\t<div class=\"elementor-element elementor-element-13f95a3 e-flex e-con-boxed e-con e-parent\" data-id=\"13f95a3\" data-element_type=\"container\" data-e-type=\"container\">\n\t\t\t\t\t<div class=\"e-con-inner\">\n\t\t<div class=\"elementor-element elementor-element-03f8784 e-con-full e-flex e-con e-child\" data-id=\"03f8784\" data-element_type=\"container\" data-e-type=\"container\">\n\t\t\t\t<div class=\"elementor-element elementor-element-c859f47 elementor-widget elementor-widget-image\" data-id=\"c859f47\" data-element_type=\"widget\" data-e-type=\"widget\" data-widget_type=\"image.default\">\n\t\t\t\t<div class=\"elementor-widget-container\">\n\t\t\t\t\t\t\t\t\t\t\t\t\t\t\t<img loading=\"lazy\" decoding=\"async\" width=\"512\" height=\"512\" src=\"https:\/\/www.usefardas.com.br\/home\/wp-content\/uploads\/2024\/08\/negocio.png\" class=\"attachment-large size-large wp-image-510\" alt=\"\" srcset=\"https:\/\/www.usefardas.com.br\/home\/wp-content\/uploads\/2024\/08\/negocio.png 512w, https:\/\/www.usefardas.com.br\/home\/wp-content\/uploads\/2024\/08\/negocio-300x300.png 300w, https:\/\/www.usefardas.com.br\/home\/wp-content\/uploads\/2024\/08\/negocio-150x150.png 150w, https:\/\/www.usefardas.com.br\/home\/wp-content\/uploads\/2024\/08\/negocio-100x100.png 100w\" sizes=\"(max-width: 512px) 100vw, 512px\" \/>\t\t\t\t\t\t\t\t\t\t\t\t\t\t\t<\/div>\n\t\t\t\t<\/div>\n\t\t\t\t<\/div>\n\t\t<div class=\"elementor-element elementor-element-28fab47 e-con-full e-flex e-con e-child\" data-id=\"28fab47\" data-element_type=\"container\" data-e-type=\"container\">\n\t\t\t\t<div class=\"elementor-element elementor-element-7543b3b elementor-widget elementor-widget-heading\" data-id=\"7543b3b\" data-element_type=\"widget\" data-e-type=\"widget\" data-widget_type=\"heading.default\">\n\t\t\t\t<div class=\"elementor-widget-container\">\n\t\t\t\t\t<h1 class=\"elementor-heading-title elementor-size-default\">NEG\u00d3CIO<\/h1>\t\t\t\t<\/div>\n\t\t\t\t<\/div>\n\t\t\t\t<\/div>\n\t\t\t\t\t<\/div>\n\t\t\t\t<\/div>\n\t\t<div class=\"elementor-element elementor-element-de76c86 e-flex e-con-boxed e-con e-parent\" data-id=\"de76c86\" data-element_type=\"container\" data-e-type=\"container\">\n\t\t\t\t\t<div class=\"e-con-inner\">\n\t\t<div class=\"elementor-element elementor-element-389682e e-con-full e-flex e-con e-child\" data-id=\"389682e\" data-element_type=\"container\" data-e-type=\"container\">\n\t\t<div class=\"elementor-element elementor-element-f297ecb e-con-full e-flex e-con e-child\" data-id=\"f297ecb\" data-element_type=\"container\" data-e-type=\"container\">\n\t\t\t\t<div class=\"elementor-element elementor-element-fbfd69d elementor-widget elementor-widget-text-editor\" data-id=\"fbfd69d\" data-element_type=\"widget\" data-e-type=\"widget\" data-widget_type=\"text-editor.default\">\n\t\t\t\t<div class=\"elementor-widget-container\">\n\t\t\t\t\t\t\t\t\t<p>Fabrica\u00e7\u00e3o de uniformes hospitalares, escolares, profissionais e administrativos.<\/p>\t\t\t\t\t\t\t\t<\/div>\n\t\t\t\t<\/div>\n\t\t\t\t<\/div>\n\t\t\t\t<\/div>\n\t\t\t\t\t<\/div>\n\t\t\t\t<\/div>\n\t\t<div class=\"elementor-element elementor-element-98a9060 e-flex e-con-boxed e-con e-parent\" data-id=\"98a9060\" data-element_type=\"container\" data-e-type=\"container\">\n\t\t\t\t\t<div class=\"e-con-inner\">\n\t\t<div class=\"elementor-element elementor-element-81d4e94 e-con-full e-flex e-con e-child\" data-id=\"81d4e94\" data-element_type=\"container\" data-e-type=\"container\">\n\t\t\t\t<div class=\"elementor-element elementor-element-12801a1 elementor-widget elementor-widget-image\" data-id=\"12801a1\" data-element_type=\"widget\" data-e-type=\"widget\" data-widget_type=\"image.default\">\n\t\t\t\t<div class=\"elementor-widget-container\">\n\t\t\t\t\t\t\t\t\t\t\t\t\t\t\t<img loading=\"lazy\" decoding=\"async\" width=\"414\" height=\"414\" src=\"https:\/\/www.usefardas.com.br\/home\/wp-content\/uploads\/2024\/08\/missao.jpg\" class=\"attachment-large size-large wp-image-493\" alt=\"\" srcset=\"https:\/\/www.usefardas.com.br\/home\/wp-content\/uploads\/2024\/08\/missao.jpg 414w, https:\/\/www.usefardas.com.br\/home\/wp-content\/uploads\/2024\/08\/missao-300x300.jpg 300w, https:\/\/www.usefardas.com.br\/home\/wp-content\/uploads\/2024\/08\/missao-150x150.jpg 150w, https:\/\/www.usefardas.com.br\/home\/wp-content\/uploads\/2024\/08\/missao-100x100.jpg 100w\" sizes=\"(max-width: 414px) 100vw, 414px\" \/>\t\t\t\t\t\t\t\t\t\t\t\t\t\t\t<\/div>\n\t\t\t\t<\/div>\n\t\t\t\t<\/div>\n\t\t<div class=\"elementor-element elementor-element-a59f466 e-con-full e-flex e-con e-child\" data-id=\"a59f466\" data-element_type=\"container\" data-e-type=\"container\">\n\t\t\t\t<div class=\"elementor-element elementor-element-068a9d6 elementor-widget elementor-widget-heading\" data-id=\"068a9d6\" data-element_type=\"widget\" data-e-type=\"widget\" data-widget_type=\"heading.default\">\n\t\t\t\t<div class=\"elementor-widget-container\">\n\t\t\t\t\t<h1 class=\"elementor-heading-title elementor-size-default\">MISS\u00c3O<\/h1>\t\t\t\t<\/div>\n\t\t\t\t<\/div>\n\t\t\t\t<\/div>\n\t\t\t\t\t<\/div>\n\t\t\t\t<\/div>\n\t\t<div class=\"elementor-element elementor-element-ced207f e-flex e-con-boxed e-con e-parent\" data-id=\"ced207f\" data-element_type=\"container\" data-e-type=\"container\">\n\t\t\t\t\t<div class=\"e-con-inner\">\n\t\t<div class=\"elementor-element elementor-element-bbf2704 e-con-full e-flex e-con e-child\" data-id=\"bbf2704\" data-element_type=\"container\" data-e-type=\"container\">\n\t\t<div class=\"elementor-element elementor-element-ab70edb e-con-full e-flex e-con e-child\" data-id=\"ab70edb\" data-element_type=\"container\" data-e-type=\"container\">\n\t\t\t\t<div class=\"elementor-element elementor-element-2abd907 elementor-widget elementor-widget-text-editor\" data-id=\"2abd907\" data-element_type=\"widget\" data-e-type=\"widget\" data-widget_type=\"text-editor.default\">\n\t\t\t\t<div class=\"elementor-widget-container\">\n\t\t\t\t\t\t\t\t\t<p>Agregar valor, fornecendo vestimentas personalizadas com pontualidade e qualidade, contribuindo assim para o sucesso de nossos clientes.<\/p>\t\t\t\t\t\t\t\t<\/div>\n\t\t\t\t<\/div>\n\t\t\t\t<\/div>\n\t\t\t\t<\/div>\n\t\t\t\t\t<\/div>\n\t\t\t\t<\/div>\n\t\t<div class=\"elementor-element elementor-element-93b4de3 e-flex e-con-boxed e-con e-parent\" data-id=\"93b4de3\" data-element_type=\"container\" data-e-type=\"container\">\n\t\t\t\t\t<div class=\"e-con-inner\">\n\t\t<div class=\"elementor-element elementor-element-ad63cdd e-con-full e-flex e-con e-child\" data-id=\"ad63cdd\" data-element_type=\"container\" data-e-type=\"container\">\n\t\t\t\t<div class=\"elementor-element elementor-element-741a5c9 elementor-widget elementor-widget-image\" data-id=\"741a5c9\" data-element_type=\"widget\" data-e-type=\"widget\" data-widget_type=\"image.default\">\n\t\t\t\t<div class=\"elementor-widget-container\">\n\t\t\t\t\t\t\t\t\t\t\t\t\t\t\t<img loading=\"lazy\" decoding=\"async\" width=\"474\" height=\"474\" src=\"https:\/\/www.usefardas.com.br\/home\/wp-content\/uploads\/2024\/08\/visao.jpg\" class=\"attachment-large size-large wp-image-503\" alt=\"\" srcset=\"https:\/\/www.usefardas.com.br\/home\/wp-content\/uploads\/2024\/08\/visao.jpg 474w, https:\/\/www.usefardas.com.br\/home\/wp-content\/uploads\/2024\/08\/visao-300x300.jpg 300w, https:\/\/www.usefardas.com.br\/home\/wp-content\/uploads\/2024\/08\/visao-150x150.jpg 150w, https:\/\/www.usefardas.com.br\/home\/wp-content\/uploads\/2024\/08\/visao-100x100.jpg 100w\" sizes=\"(max-width: 474px) 100vw, 474px\" \/>\t\t\t\t\t\t\t\t\t\t\t\t\t\t\t<\/div>\n\t\t\t\t<\/div>\n\t\t\t\t<\/div>\n\t\t<div class=\"elementor-element elementor-element-d9082e0 e-con-full e-flex e-con e-child\" data-id=\"d9082e0\" data-element_type=\"container\" data-e-type=\"container\">\n\t\t\t\t<div class=\"elementor-element elementor-element-f3f9e8b elementor-widget elementor-widget-heading\" data-id=\"f3f9e8b\" data-element_type=\"widget\" data-e-type=\"widget\" data-widget_type=\"heading.default\">\n\t\t\t\t<div class=\"elementor-widget-container\">\n\t\t\t\t\t<h1 class=\"elementor-heading-title elementor-size-default\">VIS\u00c3O<\/h1>\t\t\t\t<\/div>\n\t\t\t\t<\/div>\n\t\t\t\t<\/div>\n\t\t\t\t\t<\/div>\n\t\t\t\t<\/div>\n\t\t<div class=\"elementor-element elementor-element-06987c9 e-flex e-con-boxed e-con e-parent\" data-id=\"06987c9\" data-element_type=\"container\" data-e-type=\"container\">\n\t\t\t\t\t<div class=\"e-con-inner\">\n\t\t<div class=\"elementor-element elementor-element-6d0c64c e-con-full e-flex e-con e-child\" data-id=\"6d0c64c\" data-element_type=\"container\" data-e-type=\"container\">\n\t\t<div class=\"elementor-element elementor-element-46e2345 e-con-full e-flex e-con e-child\" data-id=\"46e2345\" data-element_type=\"container\" data-e-type=\"container\">\n\t\t\t\t<div class=\"elementor-element elementor-element-433044d elementor-widget elementor-widget-text-editor\" data-id=\"433044d\" data-element_type=\"widget\" data-e-type=\"widget\" data-widget_type=\"text-editor.default\">\n\t\t\t\t<div class=\"elementor-widget-container\">\n\t\t\t\t\t\t\t\t\t<p>Ser a maior f\u00e1brica de roupas profissionais e jeans no estado do Maranh\u00e3o.<\/p>\t\t\t\t\t\t\t\t<\/div>\n\t\t\t\t<\/div>\n\t\t\t\t<\/div>\n\t\t\t\t<\/div>\n\t\t\t\t\t<\/div>\n\t\t\t\t<\/div>\n\t\t<div class=\"elementor-element elementor-element-25d4cd5 e-flex e-con-boxed e-con e-parent\" data-id=\"25d4cd5\" data-element_type=\"container\" data-e-type=\"container\">\n\t\t\t\t\t<div class=\"e-con-inner\">\n\t\t<div class=\"elementor-element elementor-element-aaca0a0 e-con-full e-flex e-con e-child\" data-id=\"aaca0a0\" data-element_type=\"container\" data-e-type=\"container\">\n\t\t\t\t<div class=\"elementor-element elementor-element-628a7bd elementor-widget elementor-widget-image\" data-id=\"628a7bd\" data-element_type=\"widget\" data-e-type=\"widget\" data-widget_type=\"image.default\">\n\t\t\t\t<div class=\"elementor-widget-container\">\n\t\t\t\t\t\t\t\t\t\t\t\t\t\t\t<img loading=\"lazy\" decoding=\"async\" width=\"1024\" height=\"1024\" src=\"https:\/\/www.usefardas.com.br\/home\/wp-content\/uploads\/2024\/08\/valores-1024x1024.jpg\" class=\"attachment-large size-large wp-image-505\" alt=\"\" srcset=\"https:\/\/www.usefardas.com.br\/home\/wp-content\/uploads\/2024\/08\/valores-1024x1024.jpg 1024w, https:\/\/www.usefardas.com.br\/home\/wp-content\/uploads\/2024\/08\/valores-300x300.jpg 300w, https:\/\/www.usefardas.com.br\/home\/wp-content\/uploads\/2024\/08\/valores-150x150.jpg 150w, https:\/\/www.usefardas.com.br\/home\/wp-content\/uploads\/2024\/08\/valores-768x768.jpg 768w, https:\/\/www.usefardas.com.br\/home\/wp-content\/uploads\/2024\/08\/valores-1536x1536.jpg 1536w, https:\/\/www.usefardas.com.br\/home\/wp-content\/uploads\/2024\/08\/valores-600x600.jpg 600w, https:\/\/www.usefardas.com.br\/home\/wp-content\/uploads\/2024\/08\/valores-100x100.jpg 100w, https:\/\/www.usefardas.com.br\/home\/wp-content\/uploads\/2024\/08\/valores.jpg 1920w\" sizes=\"(max-width: 1024px) 100vw, 1024px\" \/>\t\t\t\t\t\t\t\t\t\t\t\t\t\t\t<\/div>\n\t\t\t\t<\/div>\n\t\t\t\t<\/div>\n\t\t<div class=\"elementor-element elementor-element-5849612 e-con-full e-flex e-con e-child\" data-id=\"5849612\" data-element_type=\"container\" data-e-type=\"container\">\n\t\t\t\t<div class=\"elementor-element elementor-element-886a876 elementor-widget elementor-widget-heading\" data-id=\"886a876\" data-element_type=\"widget\" data-e-type=\"widget\" data-widget_type=\"heading.default\">\n\t\t\t\t<div class=\"elementor-widget-container\">\n\t\t\t\t\t<h1 class=\"elementor-heading-title elementor-size-default\">VALORES<\/h1>\t\t\t\t<\/div>\n\t\t\t\t<\/div>\n\t\t\t\t<\/div>\n\t\t\t\t\t<\/div>\n\t\t\t\t<\/div>\n\t\t<div class=\"elementor-element elementor-element-d5ac3b0 e-flex e-con-boxed e-con e-parent\" data-id=\"d5ac3b0\" data-element_type=\"container\" data-e-type=\"container\">\n\t\t\t\t\t<div class=\"e-con-inner\">\n\t\t<div class=\"elementor-element elementor-element-256c96d e-con-full e-flex e-con e-child\" data-id=\"256c96d\" data-element_type=\"container\" data-e-type=\"container\">\n\t\t<div class=\"elementor-element elementor-element-5164514 e-con-full e-flex e-con e-child\" data-id=\"5164514\" data-element_type=\"container\" data-e-type=\"container\">\n\t\t\t\t<div class=\"elementor-element elementor-element-cd9d637 elementor-widget elementor-widget-text-editor\" data-id=\"cd9d637\" data-element_type=\"widget\" data-e-type=\"widget\" data-widget_type=\"text-editor.default\">\n\t\t\t\t<div class=\"elementor-widget-container\">\n\t\t\t\t\t\t\t\t\t<p>\u2022 Responsabilidade e comprometimento em atender \u00e0s necessidades do cliente;<br \/>\u2022 Transpar\u00eancia e integridade, sempre cumprindo os nossos compromissos;<br \/>\u2022 Valoriza\u00e7\u00e3o das pessoas e do cliente;<br \/>\u2022 Atingir nossas metas fidelizando parcerias de longo prazo com nossos clientes.<\/p>\t\t\t\t\t\t\t\t<\/div>\n\t\t\t\t<\/div>\n\t\t\t\t<\/div>\n\t\t\t\t<\/div>\n\t\t\t\t\t<\/div>\n\t\t\t\t<\/div>\n\t\t<div class=\"elementor-element elementor-element-d0779dc e-flex e-con-boxed e-con e-parent\" data-id=\"d0779dc\" data-element_type=\"container\" data-e-type=\"container\">\n\t\t\t\t\t<div class=\"e-con-inner\">\n\t\t\t\t\t<\/div>\n\t\t\t\t<\/div>\n\t\t\t\t<\/div>\n\t\t","protected":false},"excerpt":{"rendered":"<p>Nossa Hist\u00f3ria Com mais de 30 anos de tradi\u00e7\u00e3o no mercado, a USEFARDAS \u00e9 uma das principais empresas no ramo de confec\u00e7\u00e3o de uniformes profissionais no Estado do Maranh\u00e3o.Sediada em S\u00e3o Lu\u00eds e com uma capacidade produtiva de 200.000 pe\u00e7as por ano, gerando cerca de 80 postos de trabalho.Fabricamos uniformes personalizados em jeans, malhas, tecidos [&hellip;]<\/p>\n","protected":false},"author":1,"featured_media":422,"parent":0,"menu_order":0,"comment_status":"closed","ping_status":"closed","template":"elementor_header_footer","meta":{"_joinchat":[],"footnotes":""},"class_list":["post-491","page","type-page","status-publish","has-post-thumbnail","hentry"],"_links":{"self":[{"href":"https:\/\/www.usefardas.com.br\/home\/index.php\/wp-json\/wp\/v2\/pages\/491","targetHints":{"allow":["GET"]}}],"collection":[{"href":"https:\/\/www.usefardas.com.br\/home\/index.php\/wp-json\/wp\/v2\/pages"}],"about":[{"href":"https:\/\/www.usefardas.com.br\/home\/index.php\/wp-json\/wp\/v2\/types\/page"}],"author":[{"embeddable":true,"href":"https:\/\/www.usefardas.com.br\/home\/index.php\/wp-json\/wp\/v2\/users\/1"}],"replies":[{"embeddable":true,"href":"https:\/\/www.usefardas.com.br\/home\/index.php\/wp-json\/wp\/v2\/comments?post=491"}],"version-history":[{"count":33,"href":"https:\/\/www.usefardas.com.br\/home\/index.php\/wp-json\/wp\/v2\/pages\/491\/revisions"}],"predecessor-version":[{"id":945,"href":"https:\/\/www.usefardas.com.br\/home\/index.php\/wp-json\/wp\/v2\/pages\/491\/revisions\/945"}],"wp:featuredmedia":[{"embeddable":true,"href":"https:\/\/www.usefardas.com.br\/home\/index.php\/wp-json\/wp\/v2\/media\/422"}],"wp:attachment":[{"href":"https:\/\/www.usefardas.com.br\/home\/index.php\/wp-json\/wp\/v2\/media?parent=491"}],"curies":[{"name":"wp","href":"https:\/\/api.w.org\/{rel}","templated":true}]}}