{"id":556,"date":"2024-08-04T15:00:40","date_gmt":"2024-08-04T18:00:40","guid":{"rendered":"http:\/\/localhost\/usefardas\/?page_id=556"},"modified":"2024-08-04T15:06:02","modified_gmt":"2024-08-04T18:06:02","slug":"uniformes-antichamas","status":"publish","type":"page","link":"https:\/\/www.usefardas.com.br\/home\/index.php\/uniformes-antichamas\/","title":{"rendered":"Uniformes Antichamas"},"content":{"rendered":"\t\t<div data-elementor-type=\"wp-page\" data-elementor-id=\"556\" class=\"elementor elementor-556\" data-elementor-post-type=\"page\">\n\t\t\t\t<div class=\"elementor-element elementor-element-c56c520 e-flex e-con-boxed e-con e-parent\" data-id=\"c56c520\" data-element_type=\"container\" data-e-type=\"container\">\n\t\t\t\t\t<div class=\"e-con-inner\">\n\t\t\t\t<div class=\"elementor-element elementor-element-19e5d75 elementor-widget elementor-widget-spacer\" data-id=\"19e5d75\" data-element_type=\"widget\" data-e-type=\"widget\" data-widget_type=\"spacer.default\">\n\t\t\t\t<div class=\"elementor-widget-container\">\n\t\t\t\t\t\t\t<div class=\"elementor-spacer\">\n\t\t\t<div class=\"elementor-spacer-inner\"><\/div>\n\t\t<\/div>\n\t\t\t\t\t\t<\/div>\n\t\t\t\t<\/div>\n\t\t\t\t\t<\/div>\n\t\t\t\t<\/div>\n\t\t<div class=\"elementor-element elementor-element-de76c86 e-flex e-con-boxed e-con e-parent\" data-id=\"de76c86\" data-element_type=\"container\" data-e-type=\"container\">\n\t\t\t\t\t<div class=\"e-con-inner\">\n\t\t<div class=\"elementor-element elementor-element-389682e e-con-full e-flex e-con e-child\" data-id=\"389682e\" data-element_type=\"container\" data-e-type=\"container\">\n\t\t<div class=\"elementor-element elementor-element-f297ecb e-con-full e-flex e-con e-child\" data-id=\"f297ecb\" data-element_type=\"container\" data-e-type=\"container\">\n\t\t\t\t<div class=\"elementor-element elementor-element-4e4e9a5 elementor-widget elementor-widget-heading\" data-id=\"4e4e9a5\" data-element_type=\"widget\" data-e-type=\"widget\" data-widget_type=\"heading.default\">\n\t\t\t\t<div class=\"elementor-widget-container\">\n\t\t\t\t\t<h2 class=\"elementor-heading-title elementor-size-default\">ANTICHAMAS<\/h2>\t\t\t\t<\/div>\n\t\t\t\t<\/div>\n\t\t\t\t<div class=\"elementor-element elementor-element-fbfd69d elementor-widget elementor-widget-text-editor\" data-id=\"fbfd69d\" data-element_type=\"widget\" data-e-type=\"widget\" data-widget_type=\"text-editor.default\">\n\t\t\t\t<div class=\"elementor-widget-container\">\n\t\t\t\t\t\t\t\t\t<p>A linha ATPV, com tecidos de prote\u00e7\u00e3o a risco t\u00e9rmico e que inibem a propaga\u00e7\u00e3o da chama, s\u00e3o ideais para utiliza\u00e7\u00e3o em ambientes de risco de inc\u00eandio ( fogo repentino) , libera\u00e7\u00e3o de fagulhas ou labaredas. <strong>Ideal para:<\/strong>\u00a0Ind\u00fastria qu\u00edmica e petroqu\u00edmica, empresas no setor de gera\u00e7\u00e3o de energia e bioenergia &#8211; usinas e distribuidoras de energia.<\/p>\t\t\t\t\t\t\t\t<\/div>\n\t\t\t\t<\/div>\n\t\t\t\t<\/div>\n\t\t\t\t<\/div>\n\t\t\t\t\t<\/div>\n\t\t\t\t<\/div>\n\t\t<div class=\"elementor-element elementor-element-0101a06 e-flex e-con-boxed e-con e-parent\" data-id=\"0101a06\" data-element_type=\"container\" data-e-type=\"container\">\n\t\t\t\t\t<div class=\"e-con-inner\">\n\t\t\t\t<div class=\"elementor-element elementor-element-1f10ea9 elementor-widget elementor-widget-gallery\" data-id=\"1f10ea9\" data-element_type=\"widget\" data-e-type=\"widget\" data-settings=\"{&quot;lazyload&quot;:&quot;yes&quot;,&quot;gallery_layout&quot;:&quot;grid&quot;,&quot;columns&quot;:4,&quot;columns_tablet&quot;:2,&quot;columns_mobile&quot;:1,&quot;gap&quot;:{&quot;unit&quot;:&quot;px&quot;,&quot;size&quot;:10,&quot;sizes&quot;:[]},&quot;gap_tablet&quot;:{&quot;unit&quot;:&quot;px&quot;,&quot;size&quot;:10,&quot;sizes&quot;:[]},&quot;gap_mobile&quot;:{&quot;unit&quot;:&quot;px&quot;,&quot;size&quot;:10,&quot;sizes&quot;:[]},&quot;link_to&quot;:&quot;file&quot;,&quot;aspect_ratio&quot;:&quot;3:2&quot;,&quot;overlay_background&quot;:&quot;yes&quot;,&quot;content_hover_animation&quot;:&quot;fade-in&quot;}\" data-widget_type=\"gallery.default\">\n\t\t\t\t<div class=\"elementor-widget-container\">\n\t\t\t\t\t\t\t<div class=\"elementor-gallery__container\">\n\t\t\t\t\t\t\t<a class=\"e-gallery-item elementor-gallery-item elementor-animated-content\" href=\"https:\/\/www.usefardas.com.br\/home\/wp-content\/uploads\/2024\/08\/uni_antichamas_01.jpg\" data-elementor-open-lightbox=\"yes\" data-elementor-lightbox-slideshow=\"1f10ea9\" data-elementor-lightbox-title=\"uni_antichamas_01\" data-e-action-hash=\"#elementor-action%3Aaction%3Dlightbox%26settings%3DeyJpZCI6NTU4LCJ1cmwiOiJodHRwczpcL1wvd3d3LnVzZWZhcmRhcy5jb20uYnJcL2hvbWVcL3dwLWNvbnRlbnRcL3VwbG9hZHNcLzIwMjRcLzA4XC91bmlfYW50aWNoYW1hc18wMS5qcGciLCJzbGlkZXNob3ciOiIxZjEwZWE5In0%3D\">\n\t\t\t\t\t<div class=\"e-gallery-image elementor-gallery-item__image\" data-thumbnail=\"https:\/\/www.usefardas.com.br\/home\/wp-content\/uploads\/2024\/08\/uni_antichamas_01-205x300.jpg\" data-width=\"205\" data-height=\"300\" aria-label=\"\" role=\"img\" ><\/div>\n\t\t\t\t\t\t\t\t\t\t\t<div class=\"elementor-gallery-item__overlay\"><\/div>\n\t\t\t\t\t\t\t\t\t\t\t\t\t\t<\/a>\n\t\t\t\t\t\t\t<a class=\"e-gallery-item elementor-gallery-item elementor-animated-content\" href=\"https:\/\/www.usefardas.com.br\/home\/wp-content\/uploads\/2024\/08\/uni_antichamas_02.jpg\" data-elementor-open-lightbox=\"yes\" data-elementor-lightbox-slideshow=\"1f10ea9\" data-elementor-lightbox-title=\"uni_antichamas_02\" data-e-action-hash=\"#elementor-action%3Aaction%3Dlightbox%26settings%3DeyJpZCI6NTU5LCJ1cmwiOiJodHRwczpcL1wvd3d3LnVzZWZhcmRhcy5jb20uYnJcL2hvbWVcL3dwLWNvbnRlbnRcL3VwbG9hZHNcLzIwMjRcLzA4XC91bmlfYW50aWNoYW1hc18wMi5qcGciLCJzbGlkZXNob3ciOiIxZjEwZWE5In0%3D\">\n\t\t\t\t\t<div class=\"e-gallery-image elementor-gallery-item__image\" data-thumbnail=\"https:\/\/www.usefardas.com.br\/home\/wp-content\/uploads\/2024\/08\/uni_antichamas_02-211x300.jpg\" data-width=\"211\" data-height=\"300\" aria-label=\"\" role=\"img\" ><\/div>\n\t\t\t\t\t\t\t\t\t\t\t<div class=\"elementor-gallery-item__overlay\"><\/div>\n\t\t\t\t\t\t\t\t\t\t\t\t\t\t<\/a>\n\t\t\t\t\t<\/div>\n\t\t\t\t\t<\/div>\n\t\t\t\t<\/div>\n\t\t\t\t\t<\/div>\n\t\t\t\t<\/div>\n\t\t<div class=\"elementor-element elementor-element-934e4ae e-flex e-con-boxed e-con e-parent\" data-id=\"934e4ae\" data-element_type=\"container\" data-e-type=\"container\">\n\t\t\t\t\t<div class=\"e-con-inner\">\n\t\t\t\t<div class=\"elementor-element elementor-element-ee26661 elementor-widget elementor-widget-spacer\" data-id=\"ee26661\" data-element_type=\"widget\" data-e-type=\"widget\" data-widget_type=\"spacer.default\">\n\t\t\t\t<div class=\"elementor-widget-container\">\n\t\t\t\t\t\t\t<div class=\"elementor-spacer\">\n\t\t\t<div class=\"elementor-spacer-inner\"><\/div>\n\t\t<\/div>\n\t\t\t\t\t\t<\/div>\n\t\t\t\t<\/div>\n\t\t\t\t\t<\/div>\n\t\t\t\t<\/div>\n\t\t\t\t<\/div>\n\t\t","protected":false},"excerpt":{"rendered":"<p>ANTICHAMAS A linha ATPV, com tecidos de prote\u00e7\u00e3o a risco t\u00e9rmico e que inibem a propaga\u00e7\u00e3o da chama, s\u00e3o ideais para utiliza\u00e7\u00e3o em ambientes de risco de inc\u00eandio ( fogo repentino) , libera\u00e7\u00e3o de fagulhas ou labaredas. Ideal para:\u00a0Ind\u00fastria qu\u00edmica e petroqu\u00edmica, empresas no setor de gera\u00e7\u00e3o de energia e bioenergia &#8211; usinas e distribuidoras [&hellip;]<\/p>\n","protected":false},"author":1,"featured_media":422,"parent":0,"menu_order":0,"comment_status":"closed","ping_status":"closed","template":"elementor_header_footer","meta":{"_joinchat":[],"footnotes":""},"class_list":["post-556","page","type-page","status-publish","has-post-thumbnail","hentry"],"_links":{"self":[{"href":"https:\/\/www.usefardas.com.br\/home\/index.php\/wp-json\/wp\/v2\/pages\/556","targetHints":{"allow":["GET"]}}],"collection":[{"href":"https:\/\/www.usefardas.com.br\/home\/index.php\/wp-json\/wp\/v2\/pages"}],"about":[{"href":"https:\/\/www.usefardas.com.br\/home\/index.php\/wp-json\/wp\/v2\/types\/page"}],"author":[{"embeddable":true,"href":"https:\/\/www.usefardas.com.br\/home\/index.php\/wp-json\/wp\/v2\/users\/1"}],"replies":[{"embeddable":true,"href":"https:\/\/www.usefardas.com.br\/home\/index.php\/wp-json\/wp\/v2\/comments?post=556"}],"version-history":[{"count":4,"href":"https:\/\/www.usefardas.com.br\/home\/index.php\/wp-json\/wp\/v2\/pages\/556\/revisions"}],"predecessor-version":[{"id":562,"href":"https:\/\/www.usefardas.com.br\/home\/index.php\/wp-json\/wp\/v2\/pages\/556\/revisions\/562"}],"wp:featuredmedia":[{"embeddable":true,"href":"https:\/\/www.usefardas.com.br\/home\/index.php\/wp-json\/wp\/v2\/media\/422"}],"wp:attachment":[{"href":"https:\/\/www.usefardas.com.br\/home\/index.php\/wp-json\/wp\/v2\/media?parent=556"}],"curies":[{"name":"wp","href":"https:\/\/api.w.org\/{rel}","templated":true}]}}