{"id":816,"date":"2024-09-01T15:42:11","date_gmt":"2024-09-01T18:42:11","guid":{"rendered":"http:\/\/localhost\/usefardas\/?page_id=816"},"modified":"2024-09-01T15:46:44","modified_gmt":"2024-09-01T18:46:44","slug":"medidas","status":"publish","type":"page","link":"https:\/\/www.usefardas.com.br\/home\/index.php\/medidas\/","title":{"rendered":"Medidas"},"content":{"rendered":"\t\t<div data-elementor-type=\"wp-page\" data-elementor-id=\"816\" class=\"elementor elementor-816\" data-elementor-post-type=\"page\">\n\t\t\t\t<div class=\"elementor-element elementor-element-c56c520 e-flex e-con-boxed e-con e-parent\" data-id=\"c56c520\" data-element_type=\"container\" data-e-type=\"container\">\n\t\t\t\t\t<div class=\"e-con-inner\">\n\t\t\t\t<div class=\"elementor-element elementor-element-19e5d75 elementor-widget elementor-widget-spacer\" data-id=\"19e5d75\" data-element_type=\"widget\" data-e-type=\"widget\" data-widget_type=\"spacer.default\">\n\t\t\t\t<div class=\"elementor-widget-container\">\n\t\t\t\t\t\t\t<div class=\"elementor-spacer\">\n\t\t\t<div class=\"elementor-spacer-inner\"><\/div>\n\t\t<\/div>\n\t\t\t\t\t\t<\/div>\n\t\t\t\t<\/div>\n\t\t\t\t\t<\/div>\n\t\t\t\t<\/div>\n\t\t<div class=\"elementor-element elementor-element-de76c86 e-flex e-con-boxed e-con e-parent\" data-id=\"de76c86\" data-element_type=\"container\" data-e-type=\"container\">\n\t\t\t\t\t<div class=\"e-con-inner\">\n\t\t<div class=\"elementor-element elementor-element-389682e e-con-full e-flex e-con e-child\" data-id=\"389682e\" data-element_type=\"container\" data-e-type=\"container\">\n\t\t<div class=\"elementor-element elementor-element-f297ecb e-con-full e-flex e-con e-child\" data-id=\"f297ecb\" data-element_type=\"container\" data-e-type=\"container\">\n\t\t\t\t<div class=\"elementor-element elementor-element-4e4e9a5 elementor-widget elementor-widget-heading\" data-id=\"4e4e9a5\" data-element_type=\"widget\" data-e-type=\"widget\" data-widget_type=\"heading.default\">\n\t\t\t\t<div class=\"elementor-widget-container\">\n\t\t\t\t\t<h2 class=\"elementor-heading-title elementor-size-default\">Medidas<\/h2>\t\t\t\t<\/div>\n\t\t\t\t<\/div>\n\t\t\t\t<div class=\"elementor-element elementor-element-fbfd69d elementor-widget elementor-widget-text-editor\" data-id=\"fbfd69d\" data-element_type=\"widget\" data-e-type=\"widget\" data-widget_type=\"text-editor.default\">\n\t\t\t\t<div class=\"elementor-widget-container\">\n\t\t\t\t\t\t\t\t\t<p style=\"text-align: center;\"><strong>SAIBA COMO TIRAR MEDIDAS<\/strong><\/p>\t\t\t\t\t\t\t\t<\/div>\n\t\t\t\t<\/div>\n\t\t\t\t<\/div>\n\t\t\t\t<\/div>\n\t\t\t\t\t<\/div>\n\t\t\t\t<\/div>\n\t\t<div class=\"elementor-element elementor-element-5c6c84d e-flex e-con-boxed e-con e-parent\" data-id=\"5c6c84d\" data-element_type=\"container\" data-e-type=\"container\">\n\t\t\t\t\t<div class=\"e-con-inner\">\n\t\t<div class=\"elementor-element elementor-element-209cb6d e-con-full e-flex e-con e-child\" data-id=\"209cb6d\" data-element_type=\"container\" data-e-type=\"container\">\n\t\t\t\t<div class=\"elementor-element elementor-element-c0ba5f4 elementor-widget elementor-widget-image\" data-id=\"c0ba5f4\" data-element_type=\"widget\" data-e-type=\"widget\" data-widget_type=\"image.default\">\n\t\t\t\t<div class=\"elementor-widget-container\">\n\t\t\t\t\t\t\t\t\t\t\t\t\t\t\t<img decoding=\"async\" width=\"102\" height=\"159\" src=\"https:\/\/www.usefardas.com.br\/home\/wp-content\/uploads\/2024\/09\/calcas-bermudas-m.fw_.png\" class=\"attachment-large size-large wp-image-818\" alt=\"\" \/>\t\t\t\t\t\t\t\t\t\t\t\t\t\t\t<\/div>\n\t\t\t\t<\/div>\n\t\t\t\t<\/div>\n\t\t<div class=\"elementor-element elementor-element-6c6f382 e-con-full e-flex e-con e-child\" data-id=\"6c6f382\" data-element_type=\"container\" data-e-type=\"container\">\n\t\t\t\t<div class=\"elementor-element elementor-element-04dbd1e elementor-widget elementor-widget-text-editor\" data-id=\"04dbd1e\" data-element_type=\"widget\" data-e-type=\"widget\" data-widget_type=\"text-editor.default\">\n\t\t\t\t<div class=\"elementor-widget-container\">\n\t\t\t\t\t\t\t\t\t<p><strong>Cal\u00e7as e Bermudas Masculinas<\/strong><\/p><p>Coloca-se a fita m\u00e9trica esticada em volta da cintura e diivde-se o n\u00famero obtido por 2. Ex.: Se o n\u00famero encontrado for 88, divide-se 88\u00f72=44.<br \/>O n\u00famero da pe\u00e7a ser\u00e1 44.<\/p>\t\t\t\t\t\t\t\t<\/div>\n\t\t\t\t<\/div>\n\t\t\t\t<\/div>\n\t\t\t\t\t<\/div>\n\t\t\t\t<\/div>\n\t\t<div class=\"elementor-element elementor-element-1bb1b7a e-flex e-con-boxed e-con e-parent\" data-id=\"1bb1b7a\" data-element_type=\"container\" data-e-type=\"container\">\n\t\t\t\t\t<div class=\"e-con-inner\">\n\t\t<div class=\"elementor-element elementor-element-106fbd8 e-con-full e-flex e-con e-child\" data-id=\"106fbd8\" data-element_type=\"container\" data-e-type=\"container\">\n\t\t\t\t<div class=\"elementor-element elementor-element-8f8beb0 elementor-widget elementor-widget-image\" data-id=\"8f8beb0\" data-element_type=\"widget\" data-e-type=\"widget\" data-widget_type=\"image.default\">\n\t\t\t\t<div class=\"elementor-widget-container\">\n\t\t\t\t\t\t\t\t\t\t\t\t\t\t\t<img decoding=\"async\" width=\"102\" height=\"159\" src=\"https:\/\/www.usefardas.com.br\/home\/wp-content\/uploads\/2024\/09\/calcas-bermudas-f.fw_.png\" class=\"attachment-large size-large wp-image-819\" alt=\"\" \/>\t\t\t\t\t\t\t\t\t\t\t\t\t\t\t<\/div>\n\t\t\t\t<\/div>\n\t\t\t\t<\/div>\n\t\t<div class=\"elementor-element elementor-element-d126fa9 e-con-full e-flex e-con e-child\" data-id=\"d126fa9\" data-element_type=\"container\" data-e-type=\"container\">\n\t\t\t\t<div class=\"elementor-element elementor-element-43d739b elementor-widget elementor-widget-text-editor\" data-id=\"43d739b\" data-element_type=\"widget\" data-e-type=\"widget\" data-widget_type=\"text-editor.default\">\n\t\t\t\t<div class=\"elementor-widget-container\">\n\t\t\t\t\t\t\t\t\t<p><strong>Cal\u00e7as e Bermudas Femininas<\/strong><\/p><p>Coloca-se a fita m\u00e9trica esticado em volta da parte mais saliente do quadril. Divide-se por 2 o n\u00famero encontrado e deste resultado subtrai-se 10. Ex.: Se a circunfer\u00eancia obtida por 100, divide-se este n\u00famero por 2 (=50). Do resultado, subtrai-se 10. O n\u00famero da pe\u00e7a ser\u00e1 40.<\/p>\t\t\t\t\t\t\t\t<\/div>\n\t\t\t\t<\/div>\n\t\t\t\t<\/div>\n\t\t\t\t\t<\/div>\n\t\t\t\t<\/div>\n\t\t<div class=\"elementor-element elementor-element-ec25b83 e-flex e-con-boxed e-con e-parent\" data-id=\"ec25b83\" data-element_type=\"container\" data-e-type=\"container\">\n\t\t\t\t\t<div class=\"e-con-inner\">\n\t\t<div class=\"elementor-element elementor-element-c5989d3 e-con-full e-flex e-con e-child\" data-id=\"c5989d3\" data-element_type=\"container\" data-e-type=\"container\">\n\t\t\t\t<div class=\"elementor-element elementor-element-d78529f elementor-widget elementor-widget-image\" data-id=\"d78529f\" data-element_type=\"widget\" data-e-type=\"widget\" data-widget_type=\"image.default\">\n\t\t\t\t<div class=\"elementor-widget-container\">\n\t\t\t\t\t\t\t\t\t\t\t\t\t\t\t<img decoding=\"async\" width=\"102\" height=\"159\" src=\"https:\/\/www.usefardas.com.br\/home\/wp-content\/uploads\/2024\/09\/camisas-jalecos.fw_.png\" class=\"attachment-large size-large wp-image-820\" alt=\"\" \/>\t\t\t\t\t\t\t\t\t\t\t\t\t\t\t<\/div>\n\t\t\t\t<\/div>\n\t\t\t\t<\/div>\n\t\t<div class=\"elementor-element elementor-element-49fdc8b e-con-full e-flex e-con e-child\" data-id=\"49fdc8b\" data-element_type=\"container\" data-e-type=\"container\">\n\t\t\t\t<div class=\"elementor-element elementor-element-3ee6e34 elementor-widget elementor-widget-text-editor\" data-id=\"3ee6e34\" data-element_type=\"widget\" data-e-type=\"widget\" data-widget_type=\"text-editor.default\">\n\t\t\t\t<div class=\"elementor-widget-container\">\n\t\t\t\t\t\t\t\t\t<p><strong>Camisa, Jalecos, Guarda-P\u00f3s, Coletes, Jaquetas e Macac\u00f5es.<\/strong><\/p><p>Coloca-se a fit m\u00e9trica em volta do tor\u00e1x, logo abaixo das axilas, divide-se o n\u00famero obtido po 2 e deste resultado subtrai-se 8. Ex.: Se o n\u00famero encontado for 116. Divide-se 116 por 2 (=58). Do n\u00famero subtrai-se 8. O n\u00famero da pe\u00e7a ser\u00e1 50.<\/p>\t\t\t\t\t\t\t\t<\/div>\n\t\t\t\t<\/div>\n\t\t\t\t<\/div>\n\t\t\t\t\t<\/div>\n\t\t\t\t<\/div>\n\t\t<div class=\"elementor-element elementor-element-934e4ae e-flex e-con-boxed e-con e-parent\" data-id=\"934e4ae\" data-element_type=\"container\" data-e-type=\"container\">\n\t\t\t\t\t<div class=\"e-con-inner\">\n\t\t\t\t<div class=\"elementor-element elementor-element-ee26661 elementor-widget elementor-widget-spacer\" data-id=\"ee26661\" data-element_type=\"widget\" data-e-type=\"widget\" data-widget_type=\"spacer.default\">\n\t\t\t\t<div class=\"elementor-widget-container\">\n\t\t\t\t\t\t\t<div class=\"elementor-spacer\">\n\t\t\t<div class=\"elementor-spacer-inner\"><\/div>\n\t\t<\/div>\n\t\t\t\t\t\t<\/div>\n\t\t\t\t<\/div>\n\t\t\t\t\t<\/div>\n\t\t\t\t<\/div>\n\t\t\t\t<\/div>\n\t\t","protected":false},"excerpt":{"rendered":"<p>Medidas SAIBA COMO TIRAR MEDIDAS Cal\u00e7as e Bermudas Masculinas Coloca-se a fita m\u00e9trica esticada em volta da cintura e diivde-se o n\u00famero obtido por 2. Ex.: Se o n\u00famero encontrado for 88, divide-se 88\u00f72=44.O n\u00famero da pe\u00e7a ser\u00e1 44. Cal\u00e7as e Bermudas Femininas Coloca-se a fita m\u00e9trica esticado em volta da parte mais saliente do [&hellip;]<\/p>\n","protected":false},"author":1,"featured_media":422,"parent":0,"menu_order":0,"comment_status":"closed","ping_status":"closed","template":"elementor_header_footer","meta":{"_joinchat":[],"footnotes":""},"class_list":["post-816","page","type-page","status-publish","has-post-thumbnail","hentry"],"_links":{"self":[{"href":"https:\/\/www.usefardas.com.br\/home\/index.php\/wp-json\/wp\/v2\/pages\/816","targetHints":{"allow":["GET"]}}],"collection":[{"href":"https:\/\/www.usefardas.com.br\/home\/index.php\/wp-json\/wp\/v2\/pages"}],"about":[{"href":"https:\/\/www.usefardas.com.br\/home\/index.php\/wp-json\/wp\/v2\/types\/page"}],"author":[{"embeddable":true,"href":"https:\/\/www.usefardas.com.br\/home\/index.php\/wp-json\/wp\/v2\/users\/1"}],"replies":[{"embeddable":true,"href":"https:\/\/www.usefardas.com.br\/home\/index.php\/wp-json\/wp\/v2\/comments?post=816"}],"version-history":[{"count":4,"href":"https:\/\/www.usefardas.com.br\/home\/index.php\/wp-json\/wp\/v2\/pages\/816\/revisions"}],"predecessor-version":[{"id":823,"href":"https:\/\/www.usefardas.com.br\/home\/index.php\/wp-json\/wp\/v2\/pages\/816\/revisions\/823"}],"wp:featuredmedia":[{"embeddable":true,"href":"https:\/\/www.usefardas.com.br\/home\/index.php\/wp-json\/wp\/v2\/media\/422"}],"wp:attachment":[{"href":"https:\/\/www.usefardas.com.br\/home\/index.php\/wp-json\/wp\/v2\/media?parent=816"}],"curies":[{"name":"wp","href":"https:\/\/api.w.org\/{rel}","templated":true}]}}